{"id":61,"date":"2021-11-20T19:26:13","date_gmt":"2021-11-20T12:26:13","guid":{"rendered":"https:\/\/haiquan.info\/trangchu\/?page_id=61"},"modified":"2021-11-21T00:23:09","modified_gmt":"2021-11-20T17:23:09","slug":"video-huong-dan","status":"publish","type":"page","link":"https:\/\/haiquan.info\/trangchu\/video-huong-dan\/","title":{"rendered":"Video H\u01b0\u1edbng d\u1eabn"},"content":{"rendered":"\n<div class=\"yotu-playlist yotuwp yotu-limit-min   yotu-thumb-43  yotu-template-grid\" data-yotu=\"modal\" data-page=\"1\" id=\"yotuwp-6a0498e6a2c46\" data-total=\"3\" data-settings=\"eyJ0eXBlIjoicGxheWxpc3QiLCJpZCI6IlBMc3dmXzltdjFwZHlOYnJyZU1vVkNYc1M1Y2hUUEc3cHMiLCJwYWdpbmF0aW9uIjoib24iLCJwYWdpdHlwZSI6InBhZ2VyIiwiY29sdW1uIjoiMyIsInBlcl9wYWdlIjoiOSIsInRlbXBsYXRlIjoiZ3JpZCIsInRpdGxlIjoib24iLCJkZXNjcmlwdGlvbiI6Im9mZiIsInRodW1icmF0aW8iOiI0MyIsIm1ldGEiOiJvZmYiLCJtZXRhX2RhdGEiOiJvZmYiLCJtZXRhX3Bvc2l0aW9uIjoib2ZmIiwiZGF0ZV9mb3JtYXQiOiJvZmYiLCJtZXRhX2FsaWduIjoib2ZmIiwic3Vic2NyaWJlIjoib2ZmIiwiZHVyYXRpb24iOiJvZmYiLCJtZXRhX2ljb24iOiJvZmYiLCJuZXh0dGV4dCI6IiIsInByZXZ0ZXh0IjoiIiwibG9hZG1vcmV0ZXh0IjoiIiwicGxheWVyIjp7Im1vZGUiOiJwb3B1cCIsIndpZHRoIjoiODAwIiwic2Nyb2xsaW5nIjoiMTAwIiwiYXV0b3BsYXkiOjEsImNvbnRyb2xzIjoxLCJtb2Rlc3RicmFuZGluZyI6MSwibG9vcCI6MCwiYXV0b25leHQiOjAsInNob3dpbmZvIjoxLCJyZWwiOjEsInBsYXlpbmciOjEsInBsYXlpbmdfZGVzY3JpcHRpb24iOjAsInRodW1ibmFpbHMiOjAsImNjX2xvYWRfcG9saWN5IjoiMSIsImNjX2xhbmdfcHJlZiI6IjEiLCJobCI6IiIsIml2X2xvYWRfcG9saWN5IjoiMSJ9LCJsYXN0X3RhYiI6InN0eWxpbmciLCJ1c2VfYXNfbW9kYWwiOiJvZmYiLCJtb2RhbF9pZCI6Im9mZiIsImxhc3RfdXBkYXRlIjoiMTYzNzQzMjM4MSIsInN0eWxpbmciOnsicGFnZXJfbGF5b3V0IjoiZGVmYXVsdCIsImJ1dHRvbiI6IjMiLCJidXR0b25fY29sb3IiOiIjMWU3M2JlIiwiYnV0dG9uX2JnX2NvbG9yIjoiIiwiYnV0dG9uX2NvbG9yX2hvdmVyIjoiI2VlZWUyMiIsImJ1dHRvbl9iZ19jb2xvcl9ob3ZlciI6IiNlODVmMjUiLCJ2aWRlb19zdHlsZSI6IiIsInBsYXlpY29uX2NvbG9yIjoiIiwiaG92ZXJfaWNvbiI6IiIsImdhbGxlcnlfYmciOiIjZmZmZmZmIn0sImVmZmVjdHMiOnsidmlkZW9fYm94IjoieXRlZi1ncm93IiwiZmxpcF9lZmZlY3QiOiIifSwiZ2FsbGVyeV9pZCI6IjZhMDQ5OGU2YTJjNDYiLCJuZXh0IjoiRUFBYUhsQlVPa05CYTJsRlJFRjRUbnBKZDA5RldrSlJWR2N4VFdwTmVsSnFhdyIsInByZXYiOiIifQ==\" data-player=\"popup\" data-showdesc=\"off\">\n<div>\n<div class=\"yotu-pagination yotu-pager_layout-default yotu-pagination-top\">\n<a href=\"#\" class=\"yotu-pagination-prev yotu-button-prs yotu-button-prs-3\" data-page=\"prev\">Prev<\/a><br \/>\n<span class=\"yotu-pagination-current\">1<\/span> <span>of<\/span> <span class=\"yotu-pagination-total\">3<\/span><br \/>\n<a href=\"#\" class=\"yotu-pagination-next yotu-button-prs yotu-button-prs-3\" data-page=\"next\">Next<\/a>\n<\/div>\n<div class=\"yotu-videos yotu-mode-grid yotu-column-3 yotu-player-mode-popup\">\n<ul>\n<li class=\" yotu-first\">\n\t\t\t\t\t\t\t\t<a href=\"#TFF2uEvidlM\" class=\"yotu-video ytef-grow\" data-videoid=\"TFF2uEvidlM\" data-title=\"Tra c\u1ee9u th\u00f4ng tin h\u00e0ng l\u1ebb nh\u1eadp kho CFS t\u1ea1i C\u00e1t L\u00e1i - Update 13\/03\/2023\" title=\"Tra c\u1ee9u th\u00f4ng tin h\u00e0ng l\u1ebb nh\u1eadp kho CFS t\u1ea1i C\u00e1t L\u00e1i - Update 13\/03\/2023\"><\/p>\n<div class=\"yotu-video-thumb-wrp\">\n<div>\n\t\t\t\t\t\t\t\t\t\t\t\t\t\t<img decoding=\"async\" class=\"yotu-video-thumb\" src=\"https:\/\/i.ytimg.com\/vi\/TFF2uEvidlM\/sddefault.jpg\" alt=\"Tra c\u1ee9u th\u00f4ng tin h\u00e0ng l\u1ebb nh\u1eadp kho CFS t\u1ea1i C\u00e1t L\u00e1i - Update 13\/03\/2023\">\n\t\t\t\t\t\t\t\t\t\t\t\t\t<\/div>\n<\/p><\/div>\n<h3 class=\"yotu-video-title\">Tra c\u1ee9u th\u00f4ng tin h\u00e0ng l\u1ebb nh\u1eadp kho CFS t\u1ea1i C\u00e1t L\u00e1i &#8211; Update 13\/03\/2023<\/h3>\n<p>\t\t\t\t\t\t\t\t\t\t\t\t\t\t\t\t\t\t\t<\/a>\n\t\t\t\t\t\t\t<\/li>\n<li class=\"\">\n\t\t\t\t\t\t\t\t<a href=\"#hqx0EZYzBro\" class=\"yotu-video ytef-grow\" data-videoid=\"hqx0EZYzBro\" data-title=\"H\u01af\u1edaNG D\u1eaaN THANH TO\u00c1N PH\u00cd CSHT C\u1ea2NG BI\u1ec2N H\u00c0NG CFS NH\u1eacP TR\u00caN EWMS\" title=\"H\u01af\u1edaNG D\u1eaaN THANH TO\u00c1N PH\u00cd CSHT C\u1ea2NG BI\u1ec2N H\u00c0NG CFS NH\u1eacP TR\u00caN EWMS\"><\/p>\n<div class=\"yotu-video-thumb-wrp\">\n<div>\n\t\t\t\t\t\t\t\t\t\t\t\t\t\t<img decoding=\"async\" class=\"yotu-video-thumb\" src=\"https:\/\/i.ytimg.com\/vi\/hqx0EZYzBro\/sddefault.jpg\" alt=\"H\u01af\u1edaNG D\u1eaaN THANH TO\u00c1N PH\u00cd CSHT C\u1ea2NG BI\u1ec2N H\u00c0NG CFS NH\u1eacP TR\u00caN EWMS\">\n\t\t\t\t\t\t\t\t\t\t\t\t\t<\/div>\n<\/p><\/div>\n<h3 class=\"yotu-video-title\">H\u01af\u1edaNG D\u1eaaN THANH TO\u00c1N PH\u00cd CSHT C\u1ea2NG BI\u1ec2N H\u00c0NG CFS NH\u1eacP TR\u00caN EWMS<\/h3>\n<p>\t\t\t\t\t\t\t\t\t\t\t\t\t\t\t\t\t\t\t<\/a>\n\t\t\t\t\t\t\t<\/li>\n<li class=\"\">\n\t\t\t\t\t\t\t\t<a href=\"#cQU3bvhBl80\" class=\"yotu-video ytef-grow\" data-videoid=\"cQU3bvhBl80\" data-title=\"H\u01b0\u1edbng d\u1eabn n\u1ed9p ph\u00ed H\u1ea1 t\u1ea7ng C\u1ea3ng bi\u1ec3n tr\u00ean Ecus - Th\u00e1i S\u01a1n\" title=\"H\u01b0\u1edbng d\u1eabn n\u1ed9p ph\u00ed H\u1ea1 t\u1ea7ng C\u1ea3ng bi\u1ec3n tr\u00ean Ecus - Th\u00e1i S\u01a1n\"><\/p>\n<div class=\"yotu-video-thumb-wrp\">\n<div>\n\t\t\t\t\t\t\t\t\t\t\t\t\t\t<img decoding=\"async\" class=\"yotu-video-thumb\" src=\"https:\/\/i.ytimg.com\/vi\/cQU3bvhBl80\/sddefault.jpg\" alt=\"H\u01b0\u1edbng d\u1eabn n\u1ed9p ph\u00ed H\u1ea1 t\u1ea7ng C\u1ea3ng bi\u1ec3n tr\u00ean Ecus - Th\u00e1i S\u01a1n\">\n\t\t\t\t\t\t\t\t\t\t\t\t\t<\/div>\n<\/p><\/div>\n<h3 class=\"yotu-video-title\">H\u01b0\u1edbng d\u1eabn n\u1ed9p ph\u00ed H\u1ea1 t\u1ea7ng C\u1ea3ng bi\u1ec3n tr\u00ean Ecus &#8211; Th\u00e1i S\u01a1n<\/h3>\n<p>\t\t\t\t\t\t\t\t\t\t\t\t\t\t\t\t\t\t\t<\/a>\n\t\t\t\t\t\t\t<\/li>\n<li class=\"\">\n\t\t\t\t\t\t\t\t<a href=\"#5OfpMmUaDFw\" class=\"yotu-video ytef-grow\" data-videoid=\"5OfpMmUaDFw\" data-title=\"H\u01b0\u1edbng d\u1eabn chung v\u1ec1 H\u1ec7 th\u1ed1ng Thu ph\u00ed h\u1ea1 t\u1ea7ng c\u1ea3ng bi\u1ec3n TP.HCM\" title=\"H\u01b0\u1edbng d\u1eabn chung v\u1ec1 H\u1ec7 th\u1ed1ng Thu ph\u00ed h\u1ea1 t\u1ea7ng c\u1ea3ng bi\u1ec3n TP.HCM\"><\/p>\n<div class=\"yotu-video-thumb-wrp\">\n<div>\n\t\t\t\t\t\t\t\t\t\t\t\t\t\t<img decoding=\"async\" class=\"yotu-video-thumb\" src=\"https:\/\/i.ytimg.com\/vi\/5OfpMmUaDFw\/sddefault.jpg\" alt=\"H\u01b0\u1edbng d\u1eabn chung v\u1ec1 H\u1ec7 th\u1ed1ng Thu ph\u00ed h\u1ea1 t\u1ea7ng c\u1ea3ng bi\u1ec3n TP.HCM\">\n\t\t\t\t\t\t\t\t\t\t\t\t\t<\/div>\n<\/p><\/div>\n<h3 class=\"yotu-video-title\">H\u01b0\u1edbng d\u1eabn chung v\u1ec1 H\u1ec7 th\u1ed1ng Thu ph\u00ed h\u1ea1 t\u1ea7ng c\u1ea3ng bi\u1ec3n TP.HCM<\/h3>\n<p>\t\t\t\t\t\t\t\t\t\t\t\t\t\t\t\t\t\t\t<\/a>\n\t\t\t\t\t\t\t<\/li>\n<li class=\"\">\n\t\t\t\t\t\t\t\t<a href=\"#sTqFMvq8-DY\" class=\"yotu-video ytef-grow\" data-videoid=\"sTqFMvq8-DY\" data-title=\"H\u01b0\u1edbng d\u1eabn n\u1ed9p ph\u00ed qua Website Thu ph\u00ed H\u1ea1 T\u1ea7ng C\u1ea3ng Bi\u1ec3n\" title=\"H\u01b0\u1edbng d\u1eabn n\u1ed9p ph\u00ed qua Website Thu ph\u00ed H\u1ea1 T\u1ea7ng C\u1ea3ng Bi\u1ec3n\"><\/p>\n<div class=\"yotu-video-thumb-wrp\">\n<div>\n\t\t\t\t\t\t\t\t\t\t\t\t\t\t<img decoding=\"async\" class=\"yotu-video-thumb\" src=\"https:\/\/i.ytimg.com\/vi\/sTqFMvq8-DY\/sddefault.jpg\" alt=\"H\u01b0\u1edbng d\u1eabn n\u1ed9p ph\u00ed qua Website Thu ph\u00ed H\u1ea1 T\u1ea7ng C\u1ea3ng Bi\u1ec3n\">\n\t\t\t\t\t\t\t\t\t\t\t\t\t<\/div>\n<\/p><\/div>\n<h3 class=\"yotu-video-title\">H\u01b0\u1edbng d\u1eabn n\u1ed9p ph\u00ed qua Website Thu ph\u00ed H\u1ea1 T\u1ea7ng C\u1ea3ng Bi\u1ec3n<\/h3>\n<p>\t\t\t\t\t\t\t\t\t\t\t\t\t\t\t\t\t\t\t<\/a>\n\t\t\t\t\t\t\t<\/li>\n<li class=\"\">\n\t\t\t\t\t\t\t\t<a href=\"#U8wjAE2f1rE\" class=\"yotu-video ytef-grow\" data-videoid=\"U8wjAE2f1rE\" data-title=\"H\u01b0\u1edbng d\u1eabn khai b\u00e1o TKHQ XNK tr\u00ean ph\u1ea7n m\u1ec1m CCS4EO VNACCS mi\u1ec5n ph\u00ed, khai tr\u00ean web c\u1ee7a TCHQ.\" title=\"H\u01b0\u1edbng d\u1eabn khai b\u00e1o TKHQ XNK tr\u00ean ph\u1ea7n m\u1ec1m CCS4EO VNACCS mi\u1ec5n ph\u00ed, khai tr\u00ean web c\u1ee7a TCHQ.\"><\/p>\n<div class=\"yotu-video-thumb-wrp\">\n<div>\n\t\t\t\t\t\t\t\t\t\t\t\t\t\t<img decoding=\"async\" class=\"yotu-video-thumb\" src=\"https:\/\/i.ytimg.com\/vi\/U8wjAE2f1rE\/sddefault.jpg\" alt=\"H\u01b0\u1edbng d\u1eabn khai b\u00e1o TKHQ XNK tr\u00ean ph\u1ea7n m\u1ec1m CCS4EO VNACCS mi\u1ec5n ph\u00ed, khai tr\u00ean web c\u1ee7a TCHQ.\">\n\t\t\t\t\t\t\t\t\t\t\t\t\t<\/div>\n<\/p><\/div>\n<h3 class=\"yotu-video-title\">H\u01b0\u1edbng d\u1eabn khai b\u00e1o TKHQ XNK tr\u00ean ph\u1ea7n m\u1ec1m CCS4EO VNACCS mi\u1ec5n ph\u00ed, khai tr\u00ean web c\u1ee7a TCHQ.<\/h3>\n<p>\t\t\t\t\t\t\t\t\t\t\t\t\t\t\t\t\t\t\t<\/a>\n\t\t\t\t\t\t\t<\/li>\n<li class=\"\">\n\t\t\t\t\t\t\t\t<a href=\"#YRSVp8ml8ok\" class=\"yotu-video ytef-grow\" data-videoid=\"YRSVp8ml8ok\" data-title=\"H\u01af\u1edaNG D\u1eaaN \u0110\u0102NG K\u00dd T\u00c0I KHO\u1ea2N KHAI B\u00c1O H\u1ea2I QUAN MI\u1ec4N PH\u00cd TCHQ\" title=\"H\u01af\u1edaNG D\u1eaaN \u0110\u0102NG K\u00dd T\u00c0I KHO\u1ea2N KHAI B\u00c1O H\u1ea2I QUAN MI\u1ec4N PH\u00cd TCHQ\"><\/p>\n<div class=\"yotu-video-thumb-wrp\">\n<div>\n\t\t\t\t\t\t\t\t\t\t\t\t\t\t<img decoding=\"async\" class=\"yotu-video-thumb\" src=\"https:\/\/i.ytimg.com\/vi\/YRSVp8ml8ok\/sddefault.jpg\" alt=\"H\u01af\u1edaNG D\u1eaaN \u0110\u0102NG K\u00dd T\u00c0I KHO\u1ea2N KHAI B\u00c1O H\u1ea2I QUAN MI\u1ec4N PH\u00cd TCHQ\">\n\t\t\t\t\t\t\t\t\t\t\t\t\t<\/div>\n<\/p><\/div>\n<h3 class=\"yotu-video-title\">H\u01af\u1edaNG D\u1eaaN \u0110\u0102NG K\u00dd T\u00c0I KHO\u1ea2N KHAI B\u00c1O H\u1ea2I QUAN MI\u1ec4N PH\u00cd TCHQ<\/h3>\n<p>\t\t\t\t\t\t\t\t\t\t\t\t\t\t\t\t\t\t\t<\/a>\n\t\t\t\t\t\t\t<\/li>\n<li class=\"\">\n\t\t\t\t\t\t\t\t<a href=\"#3UYzB2VGUHw\" class=\"yotu-video ytef-grow\" data-videoid=\"3UYzB2VGUHw\" data-title=\"Thanh l\u00fd t\u1ef1 \u0111\u1ed9ng- V\u00f4 S\u1ed5 T\u00e0u H\u00e0ng Xu\u1ea5t Container t\u1ea1i SP-ITC\" title=\"Thanh l\u00fd t\u1ef1 \u0111\u1ed9ng- V\u00f4 S\u1ed5 T\u00e0u H\u00e0ng Xu\u1ea5t Container t\u1ea1i SP-ITC\"><\/p>\n<div class=\"yotu-video-thumb-wrp\">\n<div>\n\t\t\t\t\t\t\t\t\t\t\t\t\t\t<img decoding=\"async\" class=\"yotu-video-thumb\" src=\"https:\/\/i.ytimg.com\/vi\/3UYzB2VGUHw\/sddefault.jpg\" alt=\"Thanh l\u00fd t\u1ef1 \u0111\u1ed9ng- V\u00f4 S\u1ed5 T\u00e0u H\u00e0ng Xu\u1ea5t Container t\u1ea1i SP-ITC\">\n\t\t\t\t\t\t\t\t\t\t\t\t\t<\/div>\n<\/p><\/div>\n<h3 class=\"yotu-video-title\">Thanh l\u00fd t\u1ef1 \u0111\u1ed9ng- V\u00f4 S\u1ed5 T\u00e0u H\u00e0ng Xu\u1ea5t Container t\u1ea1i SP-ITC<\/h3>\n<p>\t\t\t\t\t\t\t\t\t\t\t\t\t\t\t\t\t\t\t<\/a>\n\t\t\t\t\t\t\t<\/li>\n<li class=\" yotu-last\">\n\t\t\t\t\t\t\t\t<a href=\"#lG4WOgjh5qI\" class=\"yotu-video ytef-grow\" data-videoid=\"lG4WOgjh5qI\" data-title=\"L\u1ef1a ch\u1ecdn M\u00e3 lo\u1ea1i h\u00ecnh nh\u1eadp kinh doanh: A11 - A12 - A41\" title=\"L\u1ef1a ch\u1ecdn M\u00e3 lo\u1ea1i h\u00ecnh nh\u1eadp kinh doanh: A11 - A12 - A41\"><\/p>\n<div class=\"yotu-video-thumb-wrp\">\n<div>\n\t\t\t\t\t\t\t\t\t\t\t\t\t\t<img decoding=\"async\" class=\"yotu-video-thumb\" src=\"https:\/\/i.ytimg.com\/vi\/lG4WOgjh5qI\/sddefault.jpg\" alt=\"L\u1ef1a ch\u1ecdn M\u00e3 lo\u1ea1i h\u00ecnh nh\u1eadp kinh doanh: A11 - A12 - A41\">\n\t\t\t\t\t\t\t\t\t\t\t\t\t<\/div>\n<\/p><\/div>\n<h3 class=\"yotu-video-title\">L\u1ef1a ch\u1ecdn M\u00e3 lo\u1ea1i h\u00ecnh nh\u1eadp kinh doanh: A11 &#8211; A12 &#8211; A41<\/h3>\n<p>\t\t\t\t\t\t\t\t\t\t\t\t\t\t\t\t\t\t\t<\/a>\n\t\t\t\t\t\t\t<\/li>\n<\/ul>\n<\/div>\n<div class=\"yotu-pagination yotu-pager_layout-default yotu-pagination-bottom\">\n<a href=\"#\" class=\"yotu-pagination-prev yotu-button-prs yotu-button-prs-3\" data-page=\"prev\">Prev<\/a><br \/>\n<span class=\"yotu-pagination-current\">1<\/span> <span>of<\/span> <span class=\"yotu-pagination-total\">3<\/span><br \/>\n<a href=\"#\" class=\"yotu-pagination-next yotu-button-prs yotu-button-prs-3\" data-page=\"next\">Next<\/a>\n<\/div>\n<\/p><\/div>\n<\/p><\/div>\n","protected":false},"excerpt":{"rendered":"","protected":false},"author":1,"featured_media":0,"parent":0,"menu_order":0,"comment_status":"closed","ping_status":"closed","template":"template-fullwidth.php","meta":{"footnotes":""},"class_list":["post-61","page","type-page","status-publish","hentry"],"yoast_head":"<!-- This site is optimized with the Yoast SEO plugin v17.3 - https:\/\/yoast.com\/wordpress\/plugins\/seo\/ -->\n<meta name=\"robots\" content=\"index, follow, max-snippet:-1, max-image-preview:large, max-video-preview:-1\" \/>\n<link rel=\"canonical\" href=\"https:\/\/haiquan.info\/trangchu\/video-huong-dan\/\" \/>\n<meta property=\"og:locale\" content=\"vi_VN\" \/>\n<meta property=\"og:type\" content=\"article\" \/>\n<meta property=\"og:title\" content=\"Video H\u01b0\u1edbng d\u1eabn - Wiki Th\u1ee7 T\u1ee5c H\u1ea3i Quan - Logistics VN\" \/>\n<meta property=\"og:url\" content=\"https:\/\/haiquan.info\/trangchu\/video-huong-dan\/\" \/>\n<meta property=\"og:site_name\" content=\"Wiki Th\u1ee7 T\u1ee5c H\u1ea3i Quan - Logistics VN\" \/>\n<meta property=\"article:modified_time\" content=\"2021-11-20T17:23:09+00:00\" \/>\n<meta name=\"twitter:card\" content=\"summary_large_image\" \/>\n<script type=\"application\/ld+json\" class=\"yoast-schema-graph\">{\"@context\":\"https:\/\/schema.org\",\"@graph\":[{\"@type\":\"WebSite\",\"@id\":\"https:\/\/haiquan.info\/trangchu\/#website\",\"url\":\"https:\/\/haiquan.info\/trangchu\/\",\"name\":\"Wiki Th\\u1ee7 T\\u1ee5c H\\u1ea3i Quan - Logistics VN\",\"description\":\"\",\"potentialAction\":[{\"@type\":\"SearchAction\",\"target\":{\"@type\":\"EntryPoint\",\"urlTemplate\":\"https:\/\/haiquan.info\/trangchu\/?s={search_term_string}\"},\"query-input\":\"required name=search_term_string\"}],\"inLanguage\":\"vi\"},{\"@type\":\"WebPage\",\"@id\":\"https:\/\/haiquan.info\/trangchu\/video-huong-dan\/#webpage\",\"url\":\"https:\/\/haiquan.info\/trangchu\/video-huong-dan\/\",\"name\":\"Video H\\u01b0\\u1edbng d\\u1eabn - Wiki Th\\u1ee7 T\\u1ee5c H\\u1ea3i Quan - Logistics VN\",\"isPartOf\":{\"@id\":\"https:\/\/haiquan.info\/trangchu\/#website\"},\"datePublished\":\"2021-11-20T12:26:13+00:00\",\"dateModified\":\"2021-11-20T17:23:09+00:00\",\"breadcrumb\":{\"@id\":\"https:\/\/haiquan.info\/trangchu\/video-huong-dan\/#breadcrumb\"},\"inLanguage\":\"vi\",\"potentialAction\":[{\"@type\":\"ReadAction\",\"target\":[\"https:\/\/haiquan.info\/trangchu\/video-huong-dan\/\"]}]},{\"@type\":\"BreadcrumbList\",\"@id\":\"https:\/\/haiquan.info\/trangchu\/video-huong-dan\/#breadcrumb\",\"itemListElement\":[{\"@type\":\"ListItem\",\"position\":1,\"name\":\"Trang ch\\u1ee7\",\"item\":\"https:\/\/haiquan.info\/trangchu\/\"},{\"@type\":\"ListItem\",\"position\":2,\"name\":\"Video H\\u01b0\\u1edbng d\\u1eabn\"}]}]}<\/script>\n<!-- \/ Yoast SEO plugin. -->","yoast_head_json":{"robots":{"index":"index","follow":"follow","max-snippet":"max-snippet:-1","max-image-preview":"max-image-preview:large","max-video-preview":"max-video-preview:-1"},"canonical":"https:\/\/haiquan.info\/trangchu\/video-huong-dan\/","og_locale":"vi_VN","og_type":"article","og_title":"Video H\u01b0\u1edbng d\u1eabn - Wiki Th\u1ee7 T\u1ee5c H\u1ea3i Quan - Logistics VN","og_url":"https:\/\/haiquan.info\/trangchu\/video-huong-dan\/","og_site_name":"Wiki Th\u1ee7 T\u1ee5c H\u1ea3i Quan - Logistics VN","article_modified_time":"2021-11-20T17:23:09+00:00","twitter_card":"summary_large_image","schema":{"@context":"https:\/\/schema.org","@graph":[{"@type":"WebSite","@id":"https:\/\/haiquan.info\/trangchu\/#website","url":"https:\/\/haiquan.info\/trangchu\/","name":"Wiki Th\u1ee7 T\u1ee5c H\u1ea3i Quan - Logistics VN","description":"","potentialAction":[{"@type":"SearchAction","target":{"@type":"EntryPoint","urlTemplate":"https:\/\/haiquan.info\/trangchu\/?s={search_term_string}"},"query-input":"required name=search_term_string"}],"inLanguage":"vi"},{"@type":"WebPage","@id":"https:\/\/haiquan.info\/trangchu\/video-huong-dan\/#webpage","url":"https:\/\/haiquan.info\/trangchu\/video-huong-dan\/","name":"Video H\u01b0\u1edbng d\u1eabn - Wiki Th\u1ee7 T\u1ee5c H\u1ea3i Quan - Logistics VN","isPartOf":{"@id":"https:\/\/haiquan.info\/trangchu\/#website"},"datePublished":"2021-11-20T12:26:13+00:00","dateModified":"2021-11-20T17:23:09+00:00","breadcrumb":{"@id":"https:\/\/haiquan.info\/trangchu\/video-huong-dan\/#breadcrumb"},"inLanguage":"vi","potentialAction":[{"@type":"ReadAction","target":["https:\/\/haiquan.info\/trangchu\/video-huong-dan\/"]}]},{"@type":"BreadcrumbList","@id":"https:\/\/haiquan.info\/trangchu\/video-huong-dan\/#breadcrumb","itemListElement":[{"@type":"ListItem","position":1,"name":"Trang ch\u1ee7","item":"https:\/\/haiquan.info\/trangchu\/"},{"@type":"ListItem","position":2,"name":"Video H\u01b0\u1edbng d\u1eabn"}]}]}},"_links":{"self":[{"href":"https:\/\/haiquan.info\/trangchu\/wp-json\/wp\/v2\/pages\/61","targetHints":{"allow":["GET"]}}],"collection":[{"href":"https:\/\/haiquan.info\/trangchu\/wp-json\/wp\/v2\/pages"}],"about":[{"href":"https:\/\/haiquan.info\/trangchu\/wp-json\/wp\/v2\/types\/page"}],"author":[{"embeddable":true,"href":"https:\/\/haiquan.info\/trangchu\/wp-json\/wp\/v2\/users\/1"}],"replies":[{"embeddable":true,"href":"https:\/\/haiquan.info\/trangchu\/wp-json\/wp\/v2\/comments?post=61"}],"version-history":[{"count":8,"href":"https:\/\/haiquan.info\/trangchu\/wp-json\/wp\/v2\/pages\/61\/revisions"}],"predecessor-version":[{"id":111,"href":"https:\/\/haiquan.info\/trangchu\/wp-json\/wp\/v2\/pages\/61\/revisions\/111"}],"wp:attachment":[{"href":"https:\/\/haiquan.info\/trangchu\/wp-json\/wp\/v2\/media?parent=61"}],"curies":[{"name":"wp","href":"https:\/\/api.w.org\/{rel}","templated":true}]}}